{"id":3976,"date":"2026-01-21T17:39:20","date_gmt":"2026-01-21T16:39:20","guid":{"rendered":"https:\/\/pamelasflowers.cz\/?post_type=product&#038;p=3976"},"modified":"2026-01-26T17:49:35","modified_gmt":"2026-01-26T16:49:35","slug":"bouquet-of-red-roses","status":"publish","type":"product","link":"https:\/\/pamelasflowers.cz\/en\/produkt\/bouquet-of-red-roses\/","title":{"rendered":"Bouquet of red roses"},"content":{"rendered":"<p>An elegant Valentine&#8217;s&nbsp;Day bouquet full of rich red roses, which are a&nbsp;symbol of love and passion. The bouquet is complemented by delicate gypsophila and eucalyptus, which give it a&nbsp;lightness and modern look. The ideal choice for Valentine&#8217;s&nbsp;Day, an anniversary, or as a&nbsp;way to express your feelings.<\/p>\n<p>*Large bouquet shown in the photo.<\/p>\n<p>*The composition of the bouquet may vary depending on the current availability of flowers.<\/p>\n<p>Flower bouquet sizes:<\/p>\n<ul>\n<li>diameter of the small bouquet approx. 35 cm<\/li>\n<li>diameter of a&nbsp;medium bouquet approx. 45 cm<\/li>\n<li>diameter of a&nbsp;large bouquet approx. 60 cm<\/li>\n<\/ul>\n","protected":false},"excerpt":{"rendered":"<p>An elegant Valentine&#8217;s&nbsp;Day bouquet full of rich red roses, which [&#8230;]<\/p>\n","protected":false},"featured_media":3952,"comment_status":"closed","ping_status":"closed","template":"","meta":{"_acf_changed":false},"product_brand":[],"product_cat":[123],"product_tag":[137],"class_list":{"0":"post-3976","1":"product","2":"type-product","3":"status-publish","4":"has-post-thumbnail","6":"product_cat-tied-bouquets","7":"product_tag-valentine-collection","9":"first","10":"instock","11":"taxable","12":"shipping-taxable","13":"purchasable","14":"product-type-variable","15":"has-default-attributes"},"acf":[],"yoast_head":"<!-- This site is optimized with the Yoast SEO plugin v24.9 - https:\/\/yoast.com\/wordpress\/plugins\/seo\/ -->\n<title>Bouquet of red roses - Pamela&#039;s Flowers<\/title>\n<meta name=\"robots\" content=\"index, follow, max-snippet:-1, max-image-preview:large, max-video-preview:-1\" \/>\n<link rel=\"canonical\" href=\"https:\/\/pamelasflowers.cz\/en\/produkt\/bouquet-of-red-roses\/\" \/>\n<meta property=\"og:locale\" content=\"en_US\" \/>\n<meta property=\"og:type\" content=\"article\" \/>\n<meta property=\"og:title\" content=\"Bouquet of red roses - Pamela&#039;s Flowers\" \/>\n<meta property=\"og:description\" content=\"An elegant Valentine&#8217;s&nbsp;Day bouquet full of rich red roses, which [...]\" \/>\n<meta property=\"og:url\" content=\"https:\/\/pamelasflowers.cz\/en\/produkt\/bouquet-of-red-roses\/\" \/>\n<meta property=\"og:site_name\" content=\"Pamela&#039;s Flowers\" \/>\n<meta property=\"article:publisher\" content=\"https:\/\/www.facebook.com\/pamelasflowersshop\" \/>\n<meta property=\"article:modified_time\" content=\"2026-01-26T16:49:35+00:00\" \/>\n<meta property=\"og:image\" content=\"https:\/\/pamelasflowers.cz\/wp-content\/uploads\/2026\/01\/Valentyn-1.jpg\" \/>\n\t<meta property=\"og:image:width\" content=\"1080\" \/>\n\t<meta property=\"og:image:height\" content=\"1440\" \/>\n\t<meta property=\"og:image:type\" content=\"image\/jpeg\" \/>\n<meta name=\"twitter:card\" content=\"summary_large_image\" \/>\n<meta name=\"twitter:label1\" content=\"Est. reading time\" \/>\n\t<meta name=\"twitter:data1\" content=\"1 minute\" \/>\n<script type=\"application\/ld+json\" class=\"yoast-schema-graph\">{\"@context\":\"https:\/\/schema.org\",\"@graph\":[{\"@type\":\"WebPage\",\"@id\":\"https:\/\/pamelasflowers.cz\/en\/produkt\/bouquet-of-red-roses\/\",\"url\":\"https:\/\/pamelasflowers.cz\/en\/produkt\/bouquet-of-red-roses\/\",\"name\":\"Bouquet of red roses - Pamela&#039;s Flowers\",\"isPartOf\":{\"@id\":\"https:\/\/pamelasflowers.cz\/#website\"},\"primaryImageOfPage\":{\"@id\":\"https:\/\/pamelasflowers.cz\/en\/produkt\/bouquet-of-red-roses\/#primaryimage\"},\"image\":{\"@id\":\"https:\/\/pamelasflowers.cz\/en\/produkt\/bouquet-of-red-roses\/#primaryimage\"},\"thumbnailUrl\":\"https:\/\/pamelasflowers.cz\/wp-content\/uploads\/2026\/01\/Valentyn-1.jpg\",\"datePublished\":\"2026-01-21T16:39:20+00:00\",\"dateModified\":\"2026-01-26T16:49:35+00:00\",\"breadcrumb\":{\"@id\":\"https:\/\/pamelasflowers.cz\/en\/produkt\/bouquet-of-red-roses\/#breadcrumb\"},\"inLanguage\":\"en-US\",\"potentialAction\":[{\"@type\":\"ReadAction\",\"target\":[\"https:\/\/pamelasflowers.cz\/en\/produkt\/bouquet-of-red-roses\/\"]}]},{\"@type\":\"ImageObject\",\"inLanguage\":\"en-US\",\"@id\":\"https:\/\/pamelasflowers.cz\/en\/produkt\/bouquet-of-red-roses\/#primaryimage\",\"url\":\"https:\/\/pamelasflowers.cz\/wp-content\/uploads\/2026\/01\/Valentyn-1.jpg\",\"contentUrl\":\"https:\/\/pamelasflowers.cz\/wp-content\/uploads\/2026\/01\/Valentyn-1.jpg\",\"width\":1080,\"height\":1440},{\"@type\":\"BreadcrumbList\",\"@id\":\"https:\/\/pamelasflowers.cz\/en\/produkt\/bouquet-of-red-roses\/#breadcrumb\",\"itemListElement\":[{\"@type\":\"ListItem\",\"position\":1,\"name\":\"Dom\u016f\",\"item\":\"https:\/\/pamelasflowers.cz\/en\/\"},{\"@type\":\"ListItem\",\"position\":2,\"name\":\"Obchod\",\"item\":\"https:\/\/pamelasflowers.cz\/obchod\/\"},{\"@type\":\"ListItem\",\"position\":3,\"name\":\"Bouquet of red roses\"}]},{\"@type\":\"WebSite\",\"@id\":\"https:\/\/pamelasflowers.cz\/#website\",\"url\":\"https:\/\/pamelasflowers.cz\/\",\"name\":\"Pamela&#039;s Flowers\",\"description\":\"Ji\u017e v\u00edce ne\u017e 15 let provozujeme kamenn\u00e9 kv\u011btin\u00e1\u0159stv\u00ed v centru Prahy, kter\u00e9 jsme se pro jeho velk\u00fd \u00fasp\u011bch, rozhodli za\u010d\u00e1tkem roku 2023 roz\u0161\u00ed\u0159it o dal\u0161\u00ed prodejnu v ulici Lazarsk\u00e1.\",\"potentialAction\":[{\"@type\":\"SearchAction\",\"target\":{\"@type\":\"EntryPoint\",\"urlTemplate\":\"https:\/\/pamelasflowers.cz\/?s={search_term_string}\"},\"query-input\":{\"@type\":\"PropertyValueSpecification\",\"valueRequired\":true,\"valueName\":\"search_term_string\"}}],\"inLanguage\":\"en-US\"}]}<\/script>\n<!-- \/ Yoast SEO plugin. -->","yoast_head_json":{"title":"Bouquet of red roses - Pamela&#039;s Flowers","robots":{"index":"index","follow":"follow","max-snippet":"max-snippet:-1","max-image-preview":"max-image-preview:large","max-video-preview":"max-video-preview:-1"},"canonical":"https:\/\/pamelasflowers.cz\/en\/produkt\/bouquet-of-red-roses\/","og_locale":"en_US","og_type":"article","og_title":"Bouquet of red roses - Pamela&#039;s Flowers","og_description":"An elegant Valentine&#8217;s&nbsp;Day bouquet full of rich red roses, which [...]","og_url":"https:\/\/pamelasflowers.cz\/en\/produkt\/bouquet-of-red-roses\/","og_site_name":"Pamela&#039;s Flowers","article_publisher":"https:\/\/www.facebook.com\/pamelasflowersshop","article_modified_time":"2026-01-26T16:49:35+00:00","og_image":[{"width":1080,"height":1440,"url":"https:\/\/pamelasflowers.cz\/wp-content\/uploads\/2026\/01\/Valentyn-1.jpg","type":"image\/jpeg"}],"twitter_card":"summary_large_image","twitter_misc":{"Est. reading time":"1 minute"},"schema":{"@context":"https:\/\/schema.org","@graph":[{"@type":"WebPage","@id":"https:\/\/pamelasflowers.cz\/en\/produkt\/bouquet-of-red-roses\/","url":"https:\/\/pamelasflowers.cz\/en\/produkt\/bouquet-of-red-roses\/","name":"Bouquet of red roses - Pamela&#039;s Flowers","isPartOf":{"@id":"https:\/\/pamelasflowers.cz\/#website"},"primaryImageOfPage":{"@id":"https:\/\/pamelasflowers.cz\/en\/produkt\/bouquet-of-red-roses\/#primaryimage"},"image":{"@id":"https:\/\/pamelasflowers.cz\/en\/produkt\/bouquet-of-red-roses\/#primaryimage"},"thumbnailUrl":"https:\/\/pamelasflowers.cz\/wp-content\/uploads\/2026\/01\/Valentyn-1.jpg","datePublished":"2026-01-21T16:39:20+00:00","dateModified":"2026-01-26T16:49:35+00:00","breadcrumb":{"@id":"https:\/\/pamelasflowers.cz\/en\/produkt\/bouquet-of-red-roses\/#breadcrumb"},"inLanguage":"en-US","potentialAction":[{"@type":"ReadAction","target":["https:\/\/pamelasflowers.cz\/en\/produkt\/bouquet-of-red-roses\/"]}]},{"@type":"ImageObject","inLanguage":"en-US","@id":"https:\/\/pamelasflowers.cz\/en\/produkt\/bouquet-of-red-roses\/#primaryimage","url":"https:\/\/pamelasflowers.cz\/wp-content\/uploads\/2026\/01\/Valentyn-1.jpg","contentUrl":"https:\/\/pamelasflowers.cz\/wp-content\/uploads\/2026\/01\/Valentyn-1.jpg","width":1080,"height":1440},{"@type":"BreadcrumbList","@id":"https:\/\/pamelasflowers.cz\/en\/produkt\/bouquet-of-red-roses\/#breadcrumb","itemListElement":[{"@type":"ListItem","position":1,"name":"Dom\u016f","item":"https:\/\/pamelasflowers.cz\/en\/"},{"@type":"ListItem","position":2,"name":"Obchod","item":"https:\/\/pamelasflowers.cz\/obchod\/"},{"@type":"ListItem","position":3,"name":"Bouquet of red roses"}]},{"@type":"WebSite","@id":"https:\/\/pamelasflowers.cz\/#website","url":"https:\/\/pamelasflowers.cz\/","name":"Pamela&#039;s Flowers","description":"Ji\u017e v\u00edce ne\u017e 15 let provozujeme kamenn\u00e9 kv\u011btin\u00e1\u0159stv\u00ed v centru Prahy, kter\u00e9 jsme se pro jeho velk\u00fd \u00fasp\u011bch, rozhodli za\u010d\u00e1tkem roku 2023 roz\u0161\u00ed\u0159it o dal\u0161\u00ed prodejnu v ulici Lazarsk\u00e1.","potentialAction":[{"@type":"SearchAction","target":{"@type":"EntryPoint","urlTemplate":"https:\/\/pamelasflowers.cz\/?s={search_term_string}"},"query-input":{"@type":"PropertyValueSpecification","valueRequired":true,"valueName":"search_term_string"}}],"inLanguage":"en-US"}]}},"_links":{"self":[{"href":"https:\/\/pamelasflowers.cz\/en\/wp-json\/wp\/v2\/product\/3976","targetHints":{"allow":["GET"]}}],"collection":[{"href":"https:\/\/pamelasflowers.cz\/en\/wp-json\/wp\/v2\/product"}],"about":[{"href":"https:\/\/pamelasflowers.cz\/en\/wp-json\/wp\/v2\/types\/product"}],"replies":[{"embeddable":true,"href":"https:\/\/pamelasflowers.cz\/en\/wp-json\/wp\/v2\/comments?post=3976"}],"wp:featuredmedia":[{"embeddable":true,"href":"https:\/\/pamelasflowers.cz\/en\/wp-json\/wp\/v2\/media\/3952"}],"wp:attachment":[{"href":"https:\/\/pamelasflowers.cz\/en\/wp-json\/wp\/v2\/media?parent=3976"}],"wp:term":[{"taxonomy":"product_brand","embeddable":true,"href":"https:\/\/pamelasflowers.cz\/en\/wp-json\/wp\/v2\/product_brand?post=3976"},{"taxonomy":"product_cat","embeddable":true,"href":"https:\/\/pamelasflowers.cz\/en\/wp-json\/wp\/v2\/product_cat?post=3976"},{"taxonomy":"product_tag","embeddable":true,"href":"https:\/\/pamelasflowers.cz\/en\/wp-json\/wp\/v2\/product_tag?post=3976"}],"curies":[{"name":"wp","href":"https:\/\/api.w.org\/{rel}","templated":true}]}}